{"id":10310,"date":"2021-06-21T09:12:49","date_gmt":"2021-06-21T09:12:49","guid":{"rendered":"https:\/\/residency.mu\/?page_id=10310"},"modified":"2021-07-02T07:00:34","modified_gmt":"2021-07-02T07:00:34","slug":"privilege-club","status":"publish","type":"page","link":"https:\/\/residency.mu\/fr\/privilege-club\/","title":{"rendered":"Club Privil\u00e8ge"},"content":{"rendered":"<div data-elementor-type=\"wp-page\" data-elementor-id=\"10310\" class=\"elementor elementor-10310\" data-elementor-post-type=\"page\">\n\t\t\t\t\t\t<section class=\"elementor-section elementor-top-section elementor-element elementor-element-8beb343 elementor-section-boxed elementor-section-height-default elementor-section-height-default qodef-parallax-row-no qodef-content-aligment-left qodef-row-grid-no qodef-disabled-bg-image-bellow-no\" data-id=\"8beb343\" data-element_type=\"section\" data-settings=\"{&quot;background_background&quot;:&quot;classic&quot;,&quot;_ha_eqh_enable&quot;:false}\">\n\t\t\t\t\t\t\t<div class=\"elementor-background-overlay\"><\/div>\n\t\t\t\t\t\t\t<div class=\"elementor-container elementor-column-gap-default\">\n\t\t\t\t\t<div class=\"elementor-column elementor-col-100 elementor-top-column elementor-element elementor-element-e9bba29\" data-id=\"e9bba29\" data-element_type=\"column\" data-settings=\"{&quot;background_background&quot;:&quot;classic&quot;}\">\n\t\t\t<div class=\"elementor-widget-wrap elementor-element-populated\">\n\t\t\t\t\t\t<div class=\"elementor-element elementor-element-010faea home-block black elementor-widget elementor-widget-qodef_section_title\" data-id=\"010faea\" data-element_type=\"widget\" data-widget_type=\"qodef_section_title.default\">\n\t\t\t\t<div class=\"elementor-widget-container\">\n\t\t\t<div class=\"qodef-section-title-holder  qodef-st-standard qodef-st- qodef-st--space\" >\n\t<div class=\"qodef-st-inner\">\n\t\t            <div class=\"qodef-label\" >\n                <span class=\"qodef-label-line\" style=\"background-color:#000000\"><\/span>\n                <span class=\"qodef-label-text\" style=\"color:#000000\">Club Privil\u00e8ge<\/span>\n            <\/div>\n        \t\t\t<h1 class=\"qodef-st-title\" style=\"color: #000000\">\n\t\t\t\tRestez connect\u00e9 pour le Privilege Club qui sera annonc\u00e9 sous peu !\t\t\t<\/h1>\n\t\t        \t\t\t<\/div>\n<\/div>\t\t<\/div>\n\t\t\t\t<\/div>\n\t\t\t\t<div class=\"elementor-element elementor-element-0a5293b elementor-widget elementor-widget-text-editor\" data-id=\"0a5293b\" data-element_type=\"widget\" data-widget_type=\"text-editor.default\">\n\t\t\t\t<div class=\"elementor-widget-container\">\n\t\t\t\t\t\t\t<p>Gr\u00e2ce \u00e0 une multitude de remises et de suppl\u00e9ments exclusifs, une opportunit\u00e9 int\u00e9ressante se pr\u00e9sentera bient\u00f4t pour que Maurice puisse se connecter r\u00e9ellement avec sa communaut\u00e9 d'expatri\u00e9s. Des s\u00e9jours dans des h\u00f4tels de luxe, des d\u00e9lices gastronomiques, des boutiques de marques renomm\u00e9es, le golf sur des magnifiques parcours, les aventures sous-marines et l\u2019exploration des paysages idylliques \u2013 ces activit\u00e9s, qui sont \u00e0 la disposition des r\u00e9sidents, leurs feront d\u00e9couvrir de quoi se divertir et se d\u00e9tendre.<\/p><p>Les avantages li\u00e9s au style de vie comprendront \u00e9galement des services dans des \u00e9tablissements de sant\u00e9 et des \u00e9tablissements d'enseignement de pointe.<\/p><p>Vivez intens\u00e9ment votre exp\u00e9rience de la vie mauricienne aux multiples facettes !<\/p>\t\t\t\t\t\t<\/div>\n\t\t\t\t<\/div>\n\t\t\t\t\t<\/div>\n\t\t<\/div>\n\t\t\t\t\t<\/div>\n\t\t<\/section>\n\t\t\t\t<section class=\"elementor-section elementor-top-section elementor-element elementor-element-186ce72 elementor-section-full_width elementor-section-height-default elementor-section-height-default qodef-parallax-row-no qodef-content-aligment-left qodef-row-grid-no qodef-disabled-bg-image-bellow-no\" data-id=\"186ce72\" data-element_type=\"section\" data-settings=\"{&quot;_ha_eqh_enable&quot;:false}\">\n\t\t\t\t\t\t<div class=\"elementor-container elementor-column-gap-default\">\n\t\t\t\t\t<div class=\"elementor-column elementor-col-100 elementor-top-column elementor-element elementor-element-09755b8\" data-id=\"09755b8\" data-element_type=\"column\">\n\t\t\t<div class=\"elementor-widget-wrap elementor-element-populated\">\n\t\t\t\t\t\t<div class=\"elementor-element elementor-element-df4d0d9 qodef-navigation-together--bottom elementor-widget elementor-widget-qi_addons_for_elementor_image_slider\" data-id=\"df4d0d9\" data-element_type=\"widget\" data-widget_type=\"qi_addons_for_elementor_image_slider.default\">\n\t\t\t\t<div class=\"elementor-widget-container\">\n\t\t\t<div class=\"qodef-shortcode qodef-m  qodef-qi-image-slider  qodef-image--hover-zoom   qodef-col-num--4 qodef-qi-grid qodef-qi-swiper-container  qodef-navigation--together qodef-navigation-alignment--flex-start     qodef-navigation--hover-move\" data-options=\"{&quot;direction&quot;:&quot;horizontal&quot;,&quot;slidesPerView&quot;:&quot;4&quot;,&quot;spaceBetween&quot;:0,&quot;spaceBetweenTablet&quot;:30,&quot;spaceBetweenMobile&quot;:30,&quot;effect&quot;:&quot;&quot;,&quot;loop&quot;:true,&quot;autoplay&quot;:true,&quot;centeredSlides&quot;:false,&quot;speed&quot;:&quot;&quot;,&quot;speedAnimation&quot;:&quot;&quot;,&quot;outsideNavigation&quot;:&quot;yes&quot;,&quot;outsidePagination&quot;:&quot;no&quot;,&quot;unique&quot;:424,&quot;partialValue&quot;:0,&quot;disablePartialValue&quot;:&quot;&quot;}\">\n\t<div class=\"swiper-wrapper\">\n\t\t<div class=\"qodef-e swiper-slide\">\n\t<div class=\"qodef-e-inner\">\n\t\t<div class=\"qodef-e-inner-holder\">\n\t\t\t\t\t\t\t<img fetchpriority=\"high\" decoding=\"async\" width=\"480\" height=\"450\" src=\"https:\/\/residency.mu\/wp-content\/uploads\/2021\/06\/Hotel-accomodation.jpg\" class=\"attachment-large size-large\" alt=\"\" srcset=\"https:\/\/residency.mu\/wp-content\/uploads\/2021\/06\/Hotel-accomodation.jpg 480w, https:\/\/residency.mu\/wp-content\/uploads\/2021\/06\/Hotel-accomodation-300x281.jpg 300w\" sizes=\"(max-width: 480px) 100vw, 480px\" \/>\t\t\t\t\t<\/div>\n\t<\/div>\n\t<\/div>\n<div class=\"qodef-e swiper-slide\">\n\t<div class=\"qodef-e-inner\">\n\t\t<div class=\"qodef-e-inner-holder\">\n\t\t\t\t\t\t\t<img decoding=\"async\" width=\"480\" height=\"450\" src=\"https:\/\/residency.mu\/wp-content\/uploads\/2021\/06\/Outdoor-activities.jpg\" class=\"attachment-large size-large\" alt=\"\" srcset=\"https:\/\/residency.mu\/wp-content\/uploads\/2021\/06\/Outdoor-activities.jpg 480w, https:\/\/residency.mu\/wp-content\/uploads\/2021\/06\/Outdoor-activities-300x281.jpg 300w\" sizes=\"(max-width: 480px) 100vw, 480px\" \/>\t\t\t\t\t<\/div>\n\t<\/div>\n\t<\/div>\n<div class=\"qodef-e swiper-slide\">\n\t<div class=\"qodef-e-inner\">\n\t\t<div class=\"qodef-e-inner-holder\">\n\t\t\t\t\t\t\t<img decoding=\"async\" width=\"480\" height=\"450\" src=\"https:\/\/residency.mu\/wp-content\/uploads\/2021\/06\/Sea-food.jpg\" class=\"attachment-large size-large\" alt=\"\" srcset=\"https:\/\/residency.mu\/wp-content\/uploads\/2021\/06\/Sea-food.jpg 480w, https:\/\/residency.mu\/wp-content\/uploads\/2021\/06\/Sea-food-300x281.jpg 300w\" sizes=\"(max-width: 480px) 100vw, 480px\" \/>\t\t\t\t\t<\/div>\n\t<\/div>\n\t<\/div>\n<div class=\"qodef-e swiper-slide\">\n\t<div class=\"qodef-e-inner\">\n\t\t<div class=\"qodef-e-inner-holder\">\n\t\t\t\t\t\t\t<img loading=\"lazy\" decoding=\"async\" width=\"480\" height=\"450\" src=\"https:\/\/residency.mu\/wp-content\/uploads\/2021\/06\/Spa.jpg\" class=\"attachment-large size-large\" alt=\"\" srcset=\"https:\/\/residency.mu\/wp-content\/uploads\/2021\/06\/Spa.jpg 480w, https:\/\/residency.mu\/wp-content\/uploads\/2021\/06\/Spa-300x281.jpg 300w\" sizes=\"(max-width: 480px) 100vw, 480px\" \/>\t\t\t\t\t<\/div>\n\t<\/div>\n\t<\/div>\n\t<\/div>\n\t<\/div>\n\t\t\t<div class=\"qodef-swiper-together-nav\">\n\t\t\t<div class=\"qodef-swiper-together-inner\">\n\t\t<div class=\"swiper-button-prev swiper-button-outside swiper-button-prev-424\"><i aria-hidden=\"true\" class=\"fas fa-chevron-left\"><\/i><\/div>\n\t<div class=\"swiper-button-next swiper-button-outside swiper-button-next-424\"><i aria-hidden=\"true\" class=\"fas fa-chevron-right\"><\/i><\/div>\n\t\t\t\t<\/div>\n\t\t<\/div>\n\t\t\t<\/div>\n\t\t\t\t<\/div>\n\t\t\t\t\t<\/div>\n\t\t<\/div>\n\t\t\t\t\t<\/div>\n\t\t<\/section>\n\t\t\t\t<section class=\"elementor-section elementor-top-section elementor-element elementor-element-aaa2d8b elementor-section-boxed elementor-section-height-default elementor-section-height-default qodef-parallax-row-no qodef-content-aligment-left qodef-row-grid-no qodef-disabled-bg-image-bellow-no\" data-id=\"aaa2d8b\" data-element_type=\"section\" data-settings=\"{&quot;_ha_eqh_enable&quot;:false}\">\n\t\t\t\t\t\t<div class=\"elementor-container elementor-column-gap-default\">\n\t\t\t\t\t<div class=\"elementor-column elementor-col-100 elementor-top-column elementor-element elementor-element-7ba4674\" data-id=\"7ba4674\" data-element_type=\"column\">\n\t\t\t<div class=\"elementor-widget-wrap elementor-element-populated\">\n\t\t\t\t\t\t<div class=\"elementor-element elementor-element-0c7605b elementor-widget elementor-widget-heading\" data-id=\"0c7605b\" data-element_type=\"widget\" data-widget_type=\"heading.default\">\n\t\t\t\t<div class=\"elementor-widget-container\">\n\t\t\t<h2 class=\"elementor-heading-title elementor-size-default\">D\u2019autres questions ?\n\n\n<\/h2>\t\t<\/div>\n\t\t\t\t<\/div>\n\t\t\t\t<div class=\"elementor-element elementor-element-c105064 elementor-widget elementor-widget-text-editor\" data-id=\"c105064\" data-element_type=\"widget\" data-widget_type=\"text-editor.default\">\n\t\t\t\t<div class=\"elementor-widget-container\">\n\t\t\t\t\t\t\t<p>Contactez <strong>l\u2019EDB<\/strong> sur le <br \/><strong>+230 2033800<\/strong> ou transmettez votre requ\u00eate ci-dessous :<\/p>\t\t\t\t\t\t<\/div>\n\t\t\t\t<\/div>\n\t\t\t\t<div class=\"elementor-element elementor-element-2cc6b1c elementor-widget elementor-widget-button\" data-id=\"2cc6b1c\" data-element_type=\"widget\" data-widget_type=\"button.default\">\n\t\t\t\t<div class=\"elementor-widget-container\">\n\t\t\t\t\t<div class=\"elementor-button-wrapper\">\n\t\t\t<a class=\"elementor-button elementor-button-link elementor-size-sm\" href=\"https:\/\/residency.mu\/fr\/enquiries\/\">\n\t\t\t\t\t\t<span class=\"elementor-button-content-wrapper\">\n\t\t\t\t\t\t\t\t\t<span class=\"elementor-button-text\">Discutons<\/span>\n\t\t\t\t\t<\/span>\n\t\t\t\t\t<\/a>\n\t\t<\/div>\n\t\t\t\t<\/div>\n\t\t\t\t<\/div>\n\t\t\t\t\t<\/div>\n\t\t<\/div>\n\t\t\t\t\t<\/div>\n\t\t<\/section>\n\t\t\t\t<\/div>","protected":false},"excerpt":{"rendered":"<p>Privilege Club Stay tuned for the upcoming Privilege Club! Through a myriad of discounts and exclusive extras, an exciting opportunity&#8230;<\/p>","protected":false},"author":1,"featured_media":8226,"parent":0,"menu_order":0,"comment_status":"closed","ping_status":"closed","template":"full-width.php","meta":{"om_disable_all_campaigns":false,"_monsterinsights_skip_tracking":false,"_monsterinsights_sitenote_active":false,"_monsterinsights_sitenote_note":"","_monsterinsights_sitenote_category":0,"footnotes":""},"class_list":["post-10310","page","type-page","status-publish","has-post-thumbnail","hentry"],"aioseo_notices":[],"yoast_head":"<!-- This site is optimized with the Yoast SEO plugin v27.5 - https:\/\/yoast.com\/product\/yoast-seo-wordpress\/ -->\n<title>Privilege Club - Residency in Mauritius<\/title>\n<meta name=\"robots\" content=\"index, follow, max-snippet:-1, max-image-preview:large, max-video-preview:-1\" \/>\n<link rel=\"canonical\" href=\"https:\/\/residency.mu\/fr\/privilege-club\/\" \/>\n<meta property=\"og:locale\" content=\"fr_FR\" \/>\n<meta property=\"og:type\" content=\"article\" \/>\n<meta property=\"og:title\" content=\"Privilege Club - Residency in Mauritius\" \/>\n<meta property=\"og:description\" content=\"Privilege Club Stay tuned for the upcoming Privilege Club! Through a myriad of discounts and exclusive extras, an exciting opportunity...\" \/>\n<meta property=\"og:url\" content=\"https:\/\/residency.mu\/fr\/privilege-club\/\" \/>\n<meta property=\"og:site_name\" content=\"Residency in Mauritius\" \/>\n<meta property=\"article:modified_time\" content=\"2021-07-02T07:00:34+00:00\" \/>\n<meta property=\"og:image\" content=\"https:\/\/residency.mu\/wp-content\/uploads\/2021\/05\/pexels-asad-photo-maldives-2548535.jpg\" \/>\n\t<meta property=\"og:image:width\" content=\"1920\" \/>\n\t<meta property=\"og:image:height\" content=\"1281\" \/>\n\t<meta property=\"og:image:type\" content=\"image\/jpeg\" \/>\n<meta name=\"twitter:card\" content=\"summary_large_image\" \/>\n<meta name=\"twitter:label1\" content=\"Dur\u00e9e de lecture estim\u00e9e\" \/>\n\t<meta name=\"twitter:data1\" content=\"1 minute\" \/>\n<script type=\"application\/ld+json\" class=\"yoast-schema-graph\">{\"@context\":\"https:\\\/\\\/schema.org\",\"@graph\":[{\"@type\":\"WebPage\",\"@id\":\"https:\\\/\\\/residency.mu\\\/privilege-club\\\/\",\"url\":\"https:\\\/\\\/residency.mu\\\/privilege-club\\\/\",\"name\":\"Privilege Club - Residency in Mauritius\",\"isPartOf\":{\"@id\":\"https:\\\/\\\/residency.mu\\\/#website\"},\"primaryImageOfPage\":{\"@id\":\"https:\\\/\\\/residency.mu\\\/privilege-club\\\/#primaryimage\"},\"image\":{\"@id\":\"https:\\\/\\\/residency.mu\\\/privilege-club\\\/#primaryimage\"},\"thumbnailUrl\":\"https:\\\/\\\/residency.mu\\\/wp-content\\\/uploads\\\/2021\\\/05\\\/pexels-asad-photo-maldives-2548535.jpg\",\"datePublished\":\"2021-06-21T09:12:49+00:00\",\"dateModified\":\"2021-07-02T07:00:34+00:00\",\"breadcrumb\":{\"@id\":\"https:\\\/\\\/residency.mu\\\/privilege-club\\\/#breadcrumb\"},\"inLanguage\":\"fr-FR\",\"potentialAction\":[{\"@type\":\"ReadAction\",\"target\":[\"https:\\\/\\\/residency.mu\\\/privilege-club\\\/\"]}]},{\"@type\":\"ImageObject\",\"inLanguage\":\"fr-FR\",\"@id\":\"https:\\\/\\\/residency.mu\\\/privilege-club\\\/#primaryimage\",\"url\":\"https:\\\/\\\/residency.mu\\\/wp-content\\\/uploads\\\/2021\\\/05\\\/pexels-asad-photo-maldives-2548535.jpg\",\"contentUrl\":\"https:\\\/\\\/residency.mu\\\/wp-content\\\/uploads\\\/2021\\\/05\\\/pexels-asad-photo-maldives-2548535.jpg\",\"width\":1920,\"height\":1281},{\"@type\":\"BreadcrumbList\",\"@id\":\"https:\\\/\\\/residency.mu\\\/privilege-club\\\/#breadcrumb\",\"itemListElement\":[{\"@type\":\"ListItem\",\"position\":1,\"name\":\"Home\",\"item\":\"https:\\\/\\\/residency.mu\\\/\"},{\"@type\":\"ListItem\",\"position\":2,\"name\":\"Privilege Club\"}]},{\"@type\":\"WebSite\",\"@id\":\"https:\\\/\\\/residency.mu\\\/#website\",\"url\":\"https:\\\/\\\/residency.mu\\\/\",\"name\":\"Residency in Mauritius\",\"description\":\"RIM\",\"publisher\":{\"@id\":\"https:\\\/\\\/residency.mu\\\/#organization\"},\"potentialAction\":[{\"@type\":\"SearchAction\",\"target\":{\"@type\":\"EntryPoint\",\"urlTemplate\":\"https:\\\/\\\/residency.mu\\\/?s={search_term_string}\"},\"query-input\":{\"@type\":\"PropertyValueSpecification\",\"valueRequired\":true,\"valueName\":\"search_term_string\"}}],\"inLanguage\":\"fr-FR\"},{\"@type\":\"Organization\",\"@id\":\"https:\\\/\\\/residency.mu\\\/#organization\",\"name\":\"Residency in Mauritius\",\"url\":\"https:\\\/\\\/residency.mu\\\/\",\"logo\":{\"@type\":\"ImageObject\",\"inLanguage\":\"fr-FR\",\"@id\":\"https:\\\/\\\/residency.mu\\\/#\\\/schema\\\/logo\\\/image\\\/\",\"url\":\"https:\\\/\\\/residency.mu\\\/wp-content\\\/uploads\\\/2021\\\/05\\\/EDB_LOGO_Blue-1.png\",\"contentUrl\":\"https:\\\/\\\/residency.mu\\\/wp-content\\\/uploads\\\/2021\\\/05\\\/EDB_LOGO_Blue-1.png\",\"width\":200,\"height\":82,\"caption\":\"Residency in Mauritius\"},\"image\":{\"@id\":\"https:\\\/\\\/residency.mu\\\/#\\\/schema\\\/logo\\\/image\\\/\"}}]}<\/script>\n<!-- \/ Yoast SEO plugin. -->","yoast_head_json":{"title":"Privilege Club - Residency in Mauritius","robots":{"index":"index","follow":"follow","max-snippet":"max-snippet:-1","max-image-preview":"max-image-preview:large","max-video-preview":"max-video-preview:-1"},"canonical":"https:\/\/residency.mu\/fr\/privilege-club\/","og_locale":"fr_FR","og_type":"article","og_title":"Privilege Club - Residency in Mauritius","og_description":"Privilege Club Stay tuned for the upcoming Privilege Club! Through a myriad of discounts and exclusive extras, an exciting opportunity...","og_url":"https:\/\/residency.mu\/fr\/privilege-club\/","og_site_name":"Residency in Mauritius","article_modified_time":"2021-07-02T07:00:34+00:00","og_image":[{"width":1920,"height":1281,"url":"https:\/\/residency.mu\/wp-content\/uploads\/2021\/05\/pexels-asad-photo-maldives-2548535.jpg","type":"image\/jpeg"}],"twitter_card":"summary_large_image","twitter_misc":{"Dur\u00e9e de lecture estim\u00e9e":"1 minute"},"schema":{"@context":"https:\/\/schema.org","@graph":[{"@type":"WebPage","@id":"https:\/\/residency.mu\/privilege-club\/","url":"https:\/\/residency.mu\/privilege-club\/","name":"Privilege Club - Residency in Mauritius","isPartOf":{"@id":"https:\/\/residency.mu\/#website"},"primaryImageOfPage":{"@id":"https:\/\/residency.mu\/privilege-club\/#primaryimage"},"image":{"@id":"https:\/\/residency.mu\/privilege-club\/#primaryimage"},"thumbnailUrl":"https:\/\/residency.mu\/wp-content\/uploads\/2021\/05\/pexels-asad-photo-maldives-2548535.jpg","datePublished":"2021-06-21T09:12:49+00:00","dateModified":"2021-07-02T07:00:34+00:00","breadcrumb":{"@id":"https:\/\/residency.mu\/privilege-club\/#breadcrumb"},"inLanguage":"fr-FR","potentialAction":[{"@type":"ReadAction","target":["https:\/\/residency.mu\/privilege-club\/"]}]},{"@type":"ImageObject","inLanguage":"fr-FR","@id":"https:\/\/residency.mu\/privilege-club\/#primaryimage","url":"https:\/\/residency.mu\/wp-content\/uploads\/2021\/05\/pexels-asad-photo-maldives-2548535.jpg","contentUrl":"https:\/\/residency.mu\/wp-content\/uploads\/2021\/05\/pexels-asad-photo-maldives-2548535.jpg","width":1920,"height":1281},{"@type":"BreadcrumbList","@id":"https:\/\/residency.mu\/privilege-club\/#breadcrumb","itemListElement":[{"@type":"ListItem","position":1,"name":"Home","item":"https:\/\/residency.mu\/"},{"@type":"ListItem","position":2,"name":"Privilege Club"}]},{"@type":"WebSite","@id":"https:\/\/residency.mu\/#website","url":"https:\/\/residency.mu\/","name":"Residency in Mauritius","description":"RIM","publisher":{"@id":"https:\/\/residency.mu\/#organization"},"potentialAction":[{"@type":"SearchAction","target":{"@type":"EntryPoint","urlTemplate":"https:\/\/residency.mu\/?s={search_term_string}"},"query-input":{"@type":"PropertyValueSpecification","valueRequired":true,"valueName":"search_term_string"}}],"inLanguage":"fr-FR"},{"@type":"Organization","@id":"https:\/\/residency.mu\/#organization","name":"Residency in Mauritius","url":"https:\/\/residency.mu\/","logo":{"@type":"ImageObject","inLanguage":"fr-FR","@id":"https:\/\/residency.mu\/#\/schema\/logo\/image\/","url":"https:\/\/residency.mu\/wp-content\/uploads\/2021\/05\/EDB_LOGO_Blue-1.png","contentUrl":"https:\/\/residency.mu\/wp-content\/uploads\/2021\/05\/EDB_LOGO_Blue-1.png","width":200,"height":82,"caption":"Residency in Mauritius"},"image":{"@id":"https:\/\/residency.mu\/#\/schema\/logo\/image\/"}}]}},"_links":{"self":[{"href":"https:\/\/residency.mu\/fr\/wp-json\/wp\/v2\/pages\/10310","targetHints":{"allow":["GET"]}}],"collection":[{"href":"https:\/\/residency.mu\/fr\/wp-json\/wp\/v2\/pages"}],"about":[{"href":"https:\/\/residency.mu\/fr\/wp-json\/wp\/v2\/types\/page"}],"author":[{"embeddable":true,"href":"https:\/\/residency.mu\/fr\/wp-json\/wp\/v2\/users\/1"}],"replies":[{"embeddable":true,"href":"https:\/\/residency.mu\/fr\/wp-json\/wp\/v2\/comments?post=10310"}],"version-history":[{"count":21,"href":"https:\/\/residency.mu\/fr\/wp-json\/wp\/v2\/pages\/10310\/revisions"}],"predecessor-version":[{"id":11101,"href":"https:\/\/residency.mu\/fr\/wp-json\/wp\/v2\/pages\/10310\/revisions\/11101"}],"wp:featuredmedia":[{"embeddable":true,"href":"https:\/\/residency.mu\/fr\/wp-json\/wp\/v2\/media\/8226"}],"wp:attachment":[{"href":"https:\/\/residency.mu\/fr\/wp-json\/wp\/v2\/media?parent=10310"}],"curies":[{"name":"wp","href":"https:\/\/api.w.org\/{rel}","templated":true}]}}